{"id":370,"date":"2017-10-13T17:34:21","date_gmt":"2017-10-13T17:34:21","guid":{"rendered":"http:\/\/nevro.dev\/wp\/why-hfx\/how-hfx-works\/"},"modified":"2025-03-12T17:25:51","modified_gmt":"2025-03-12T17:25:51","slug":"hfx-funktionsprinzip","status":"publish","type":"page","link":"https:\/\/www.hfxforpdn.com\/de\/warum-hfx\/hfx-funktionsprinzip\/","title":{"rendered":"How it works"},"content":{"rendered":"","protected":false},"excerpt":{"rendered":"","protected":false},"author":1,"featured_media":0,"parent":364,"menu_order":7,"comment_status":"closed","ping_status":"closed","template":"","meta":{"_acf_changed":false},"class_list":["post-370","page","type-page","status-publish","hentry"],"acf":[],"yoast_head":"<!-- This site is optimized with the Yoast SEO plugin v26.9 - https:\/\/yoast.com\/product\/yoast-seo-wordpress\/ -->\n<title>HFX Funktionsprinzip - HFX f\u00fcr PDN<\/title>\n<meta name=\"description\" content=\"HFX f\u00fcr PDN ist eine R\u00fcckenmarkstimulation, bei der die 10-kHz-Therapie zur Schmerzlinderung bei diabetischer Neuropathie eingesetzt wird.\" \/>\n<meta name=\"robots\" content=\"index, follow, max-snippet:-1, max-image-preview:large, max-video-preview:-1\" \/>\n<link rel=\"canonical\" href=\"https:\/\/www.hfxforpdn.com\/de\/warum-hfx\/hfx-funktionsprinzip\/\" \/>\n<meta property=\"og:locale\" content=\"de_DE\" \/>\n<meta property=\"og:type\" content=\"article\" \/>\n<meta property=\"og:title\" content=\"Find relief from painful diabetic neuropathy\" \/>\n<meta property=\"og:description\" content=\"HFX f\u00fcr PDN ist eine R\u00fcckenmarkstimulation, bei der die 10-kHz-Therapie zur Schmerzlinderung bei diabetischer Neuropathie eingesetzt wird.\" \/>\n<meta property=\"og:url\" content=\"https:\/\/www.hfxforpdn.com\/de\/warum-hfx\/hfx-funktionsprinzip\/\" \/>\n<meta property=\"og:site_name\" content=\"HFX Germany\" \/>\n<meta property=\"article:modified_time\" content=\"2025-03-12T17:25:51+00:00\" \/>\n<meta property=\"og:image\" content=\"https:\/\/www.hfxforpdn.com\/app\/uploads\/2022\/01\/HFX_Primary_Logo_RGB_M03-e1643398792405.png\" \/>\n\t<meta property=\"og:image:width\" content=\"500\" \/>\n\t<meta property=\"og:image:height\" content=\"250\" \/>\n\t<meta property=\"og:image:type\" content=\"image\/png\" \/>\n<meta name=\"twitter:card\" content=\"summary_large_image\" \/>\n<meta name=\"twitter:title\" content=\"Find relief from painful diabetic neuropathy\" \/>\n<meta name=\"twitter:image\" content=\"https:\/\/www.hfxforpdn.com\/app\/uploads\/2022\/01\/HFX_Primary_Logo_RGB_M03-e1643398792405.png\" \/>\n<script type=\"application\/ld+json\" class=\"yoast-schema-graph\">{\"@context\":\"https:\/\/schema.org\",\"@graph\":[{\"@type\":\"WebPage\",\"@id\":\"https:\/\/www.hfxforpdn.com\/de\/warum-hfx\/hfx-funktionsprinzip\/\",\"url\":\"https:\/\/www.hfxforpdn.com\/de\/warum-hfx\/hfx-funktionsprinzip\/\",\"name\":\"HFX Funktionsprinzip - HFX f\u00fcr PDN\",\"isPartOf\":{\"@id\":\"https:\/\/www.hfxforpdn.com\/de\/#website\"},\"datePublished\":\"2017-10-13T17:34:21+00:00\",\"dateModified\":\"2025-03-12T17:25:51+00:00\",\"description\":\"HFX f\u00fcr PDN ist eine R\u00fcckenmarkstimulation, bei der die 10-kHz-Therapie zur Schmerzlinderung bei diabetischer Neuropathie eingesetzt wird.\",\"breadcrumb\":{\"@id\":\"https:\/\/www.hfxforpdn.com\/de\/warum-hfx\/hfx-funktionsprinzip\/#breadcrumb\"},\"inLanguage\":\"en-US\",\"potentialAction\":[{\"@type\":\"ReadAction\",\"target\":[\"https:\/\/www.hfxforpdn.com\/de\/warum-hfx\/hfx-funktionsprinzip\/\"]}]},{\"@type\":\"BreadcrumbList\",\"@id\":\"https:\/\/www.hfxforpdn.com\/de\/warum-hfx\/hfx-funktionsprinzip\/#breadcrumb\",\"itemListElement\":[{\"@type\":\"ListItem\",\"position\":1,\"name\":\"warum-hfx\",\"item\":\"https:\/\/www.hfxforpdn.com\/de\/warum-hfx\/\"},{\"@type\":\"ListItem\",\"position\":2,\"name\":\"How it works\"}]},{\"@type\":\"WebSite\",\"@id\":\"https:\/\/www.hfxforpdn.com\/de\/#website\",\"url\":\"https:\/\/www.hfxforpdn.com\/de\/\",\"name\":\"HFX Germany\",\"description\":\"Liberate yourself from chronic pain\",\"potentialAction\":[{\"@type\":\"SearchAction\",\"target\":{\"@type\":\"EntryPoint\",\"urlTemplate\":\"https:\/\/www.hfxforpdn.com\/de\/?s={search_term_string}\"},\"query-input\":{\"@type\":\"PropertyValueSpecification\",\"valueRequired\":true,\"valueName\":\"search_term_string\"}}],\"inLanguage\":\"en-US\"}]}<\/script>\n<!-- \/ Yoast SEO plugin. -->","yoast_head_json":{"title":"HFX Funktionsprinzip - HFX f\u00fcr PDN","description":"HFX f\u00fcr PDN ist eine R\u00fcckenmarkstimulation, bei der die 10-kHz-Therapie zur Schmerzlinderung bei diabetischer Neuropathie eingesetzt wird.","robots":{"index":"index","follow":"follow","max-snippet":"max-snippet:-1","max-image-preview":"max-image-preview:large","max-video-preview":"max-video-preview:-1"},"canonical":"https:\/\/www.hfxforpdn.com\/de\/warum-hfx\/hfx-funktionsprinzip\/","og_locale":"de_DE","og_type":"article","og_title":"Find relief from painful diabetic neuropathy","og_description":"HFX f\u00fcr PDN ist eine R\u00fcckenmarkstimulation, bei der die 10-kHz-Therapie zur Schmerzlinderung bei diabetischer Neuropathie eingesetzt wird.","og_url":"https:\/\/www.hfxforpdn.com\/de\/warum-hfx\/hfx-funktionsprinzip\/","og_site_name":"HFX Germany","article_modified_time":"2025-03-12T17:25:51+00:00","og_image":[{"width":500,"height":250,"url":"https:\/\/www.hfxforpdn.com\/app\/uploads\/2022\/01\/HFX_Primary_Logo_RGB_M03-e1643398792405.png","type":"image\/png"}],"twitter_card":"summary_large_image","twitter_title":"Find relief from painful diabetic neuropathy","twitter_image":"https:\/\/www.hfxforpdn.com\/app\/uploads\/2022\/01\/HFX_Primary_Logo_RGB_M03-e1643398792405.png","schema":{"@context":"https:\/\/schema.org","@graph":[{"@type":"WebPage","@id":"https:\/\/www.hfxforpdn.com\/de\/warum-hfx\/hfx-funktionsprinzip\/","url":"https:\/\/www.hfxforpdn.com\/de\/warum-hfx\/hfx-funktionsprinzip\/","name":"HFX Funktionsprinzip - HFX f\u00fcr PDN","isPartOf":{"@id":"https:\/\/www.hfxforpdn.com\/de\/#website"},"datePublished":"2017-10-13T17:34:21+00:00","dateModified":"2025-03-12T17:25:51+00:00","description":"HFX f\u00fcr PDN ist eine R\u00fcckenmarkstimulation, bei der die 10-kHz-Therapie zur Schmerzlinderung bei diabetischer Neuropathie eingesetzt wird.","breadcrumb":{"@id":"https:\/\/www.hfxforpdn.com\/de\/warum-hfx\/hfx-funktionsprinzip\/#breadcrumb"},"inLanguage":"en-US","potentialAction":[{"@type":"ReadAction","target":["https:\/\/www.hfxforpdn.com\/de\/warum-hfx\/hfx-funktionsprinzip\/"]}]},{"@type":"BreadcrumbList","@id":"https:\/\/www.hfxforpdn.com\/de\/warum-hfx\/hfx-funktionsprinzip\/#breadcrumb","itemListElement":[{"@type":"ListItem","position":1,"name":"warum-hfx","item":"https:\/\/www.hfxforpdn.com\/de\/warum-hfx\/"},{"@type":"ListItem","position":2,"name":"How it works"}]},{"@type":"WebSite","@id":"https:\/\/www.hfxforpdn.com\/de\/#website","url":"https:\/\/www.hfxforpdn.com\/de\/","name":"HFX Germany","description":"Liberate yourself from chronic pain","potentialAction":[{"@type":"SearchAction","target":{"@type":"EntryPoint","urlTemplate":"https:\/\/www.hfxforpdn.com\/de\/?s={search_term_string}"},"query-input":{"@type":"PropertyValueSpecification","valueRequired":true,"valueName":"search_term_string"}}],"inLanguage":"en-US"}]}},"_links":{"self":[{"href":"https:\/\/www.hfxforpdn.com\/de\/wp-json\/wp\/v2\/pages\/370","targetHints":{"allow":["GET"]}}],"collection":[{"href":"https:\/\/www.hfxforpdn.com\/de\/wp-json\/wp\/v2\/pages"}],"about":[{"href":"https:\/\/www.hfxforpdn.com\/de\/wp-json\/wp\/v2\/types\/page"}],"author":[{"embeddable":true,"href":"https:\/\/www.hfxforpdn.com\/de\/wp-json\/wp\/v2\/users\/1"}],"replies":[{"embeddable":true,"href":"https:\/\/www.hfxforpdn.com\/de\/wp-json\/wp\/v2\/comments?post=370"}],"version-history":[{"count":11,"href":"https:\/\/www.hfxforpdn.com\/de\/wp-json\/wp\/v2\/pages\/370\/revisions"}],"predecessor-version":[{"id":8950,"href":"https:\/\/www.hfxforpdn.com\/de\/wp-json\/wp\/v2\/pages\/370\/revisions\/8950"}],"up":[{"embeddable":true,"href":"https:\/\/www.hfxforpdn.com\/de\/wp-json\/wp\/v2\/pages\/364"}],"wp:attachment":[{"href":"https:\/\/www.hfxforpdn.com\/de\/wp-json\/wp\/v2\/media?parent=370"}],"curies":[{"name":"wp","href":"https:\/\/api.w.org\/{rel}","templated":true}]}}